{"id":4315,"date":"2024-04-18T13:38:31","date_gmt":"2024-04-18T11:38:31","guid":{"rendered":"https:\/\/soycubano.si\/bachata-bachata\/"},"modified":"2026-05-08T00:42:26","modified_gmt":"2026-05-07T22:42:26","slug":"corso-di-bachata","status":"publish","type":"page","link":"https:\/\/soycubano.si\/it\/club-di-ballo\/corso-di-bachata\/","title":{"rendered":"Te\u010daj Bachate v Kopru za za\u010detnike in nadaljevalne"},"content":{"rendered":"\t\t<div data-elementor-type=\"wp-post\" data-elementor-id=\"4315\" class=\"elementor elementor-4315 elementor-4241\" data-elementor-post-type=\"page\">\n\t\t\t\t\r\n\r\n\r\n\r\n<div class=\"elementor-element elementor-element-d7e1586 e-flex e-con-boxed e-con e-parent\" data-id=\"d7e1586\" data-element_type=\"container\" data-e-type=\"container\">\n\t\t\t\t\t<div class=\"e-con-inner\">\n\t\t\t\t<div class=\"elementor-element elementor-element-f6a63c1 elementor-widget elementor-widget-text-editor\" data-id=\"f6a63c1\" data-element_type=\"widget\" data-e-type=\"widget\" data-widget_type=\"text-editor.default\">\n\t\t\t\t\t\t\t\t\t<h1>Corso di Bachata per principianti e intermedi tra Trieste e Capodistria<\/h1>\t\t\t\t\t\t\t\t<\/div>\n\t\t\t\t<div class=\"elementor-element elementor-element-77684d0 elementor-widget elementor-widget-text-editor\" data-id=\"77684d0\" data-element_type=\"widget\" data-e-type=\"widget\" data-widget_type=\"text-editor.default\">\n\t\t\t\t\t\t\t\t\t<p>Il <strong>corso di bachata<\/strong> di <strong>Soy Cubano<\/strong> \u00e8 la scelta ideale per chi vuole iniziare a ballare o migliorare nel ballo di coppia in un ambiente accogliente, dinamico e pieno di energia. Se vivi a <strong>Trieste, Opicina<\/strong> o nei dintorni, puoi raggiungere facilmente le nostre lezioni e scoprire il ritmo, la musicalit\u00e0 e il piacere di ballare la bachata.<\/p><p>Durante il corso di bachata impari i passi base, il ritmo, la connessione nella coppia e un modo pi\u00f9 sicuro e naturale di muoverti in pista. Il programma \u00e8 adatto sia a chi parte da zero sia a chi ha gi\u00e0 un po\u2019 di esperienza e vuole continuare a crescere.<\/p>\t\t\t\t\t\t\t\t<\/div>\n\t\t\t\t\t<\/div>\n\t\t\t\t<\/div>\n\t\t<div class=\"elementor-element elementor-element-52ce1c9 e-flex e-con-boxed e-con e-parent\" data-id=\"52ce1c9\" data-element_type=\"container\" data-e-type=\"container\">\n\t\t\t\t\t<div class=\"e-con-inner\">\n\t\t\t\t<div class=\"elementor-element elementor-element-f74d907 elementor-widget elementor-widget-text-editor\" data-id=\"f74d907\" data-element_type=\"widget\" data-e-type=\"widget\" data-widget_type=\"text-editor.default\">\n\t\t\t\t\t\t\t\t\t<h2>La prima lezione \u00e8 gratis, vieni a provare e poi decidi con tranquillit\u00e0<\/h2>\t\t\t\t\t\t\t\t<\/div>\n\t\t\t\t\t<\/div>\n\t\t\t\t<\/div>\n\t\t<div class=\"elementor-element elementor-element-23c8288 e-flex e-con-boxed e-con e-parent\" data-id=\"23c8288\" data-element_type=\"container\" data-e-type=\"container\">\n\t\t\t\t\t<div class=\"e-con-inner\">\n\t\t\t\t<div class=\"elementor-element elementor-element-f7c3cc8 elementor-widget elementor-widget-danzacta\" data-id=\"f7c3cc8\" data-element_type=\"widget\" data-e-type=\"widget\" data-widget_type=\"danzacta.default\">\n\t\t\t\t<div class=\"elementor-widget-container\">\n\t\t\t\t\t\r\n                    <div class=\"cta-area\" data-bg-src=\"\">\r\n                <div class=\"row justify-content-between\">\r\n                    <div class=\"col-xl-12\">\r\n                        <h2 class=\"sec-title e-title cta-title mt-n2\">Scopri gli orari e prenota il tuo posto.\n<\/h2>\r\n                        <p class=\"cta-desc e-text\">Impara il ritmo, i passi base e il ballo di coppia in un ambiente accogliente con Soy Cubano.<\/p>\r\n                        <div class=\"cta-btn text-center\">\r\n                            <a href=\"#programma-della-bachata\" class=\"th-btn btn1\">Controlla gli orari<\/a>\r\n                            <a href=\"#registrazione-bachata\" class=\"th-btn btn2 white-btn\">Iscriviti ora<\/a>\r\n                        <\/div>\r\n                    <\/div>\r\n                <\/div>\r\n            <\/div>\r\n\r\n\t\t\t\t\t\t<\/div>\n\t\t\t\t<\/div>\n\t\t\t\t\t<\/div>\n\t\t\t\t<\/div>\n\t\t<div class=\"elementor-element elementor-element-b6b26ce e-flex e-con-boxed e-con e-parent\" data-id=\"b6b26ce\" data-element_type=\"container\" data-e-type=\"container\">\n\t\t\t\t\t<div class=\"e-con-inner\">\n\t\t\t\t<div class=\"elementor-element elementor-element-ef8ed81 elementor-widget elementor-widget-text-editor\" data-id=\"ef8ed81\" data-element_type=\"widget\" data-e-type=\"widget\" id=\"programma-della-bachata\" data-widget_type=\"text-editor.default\">\n\t\t\t\t\t\t\t\t\t<h2 style=\"text-align: center;\">Orari del corso di bachata<\/h2>\t\t\t\t\t\t\t\t<\/div>\n\t\t\t\t<div class=\"elementor-element elementor-element-a4bc9fb elementor-widget elementor-widget-text-editor\" data-id=\"a4bc9fb\" data-element_type=\"widget\" data-e-type=\"widget\" data-widget_type=\"text-editor.default\">\n\t\t\t\t\t\t\t\t\t<p>Controlla gli orari del corso di bachata di Soy Cubano per settembre 2026. Se non sai quale gruppo scegliere, contattaci e ti aiuteremo volentieri.<\/p>\t\t\t\t\t\t\t\t<\/div>\n\t\t\t\t<div class=\"elementor-element elementor-element-3f8f127 elementor-widget elementor-widget-danzaschedule\" data-id=\"3f8f127\" data-element_type=\"widget\" data-e-type=\"widget\" id=\"programma-della-bachata\" data-widget_type=\"danzaschedule.default\">\n\t\t\t\t<div class=\"elementor-widget-container\">\n\t\t\t\t\t        \t\t\t<div class=\"class-schedule-area\" data-bg-src=\"https:\/\/soycubano.si\/wp-content\/uploads\/2026\/04\/plesni-tecaji-koper-sezana-bachata-soy-cubano.webp\">\n\t\t\t\t<table class=\"class-schedule-table table\" >\n\t\t\t\t\t<tr class=\"schedule-day\">\n\t\t\t\t\t\t\t\t\t\t\t\t<td>Orari Bachata<\/td>\n\t\t\t\t\t\t\t\t\t\t\t\t<td>Luned\u00ec \u0161alara (capodistria)<\/td>\n\t\t\t\t\t\t\t\t\t\t\t\t<td>marted\u00ec \u0161alara (capodistria)<\/td>\n\t\t\t\t\t\t\t\t\t\t\t\t<td>mercoled\u00ec bertocchi (capodistria)<\/td>\n\t\t\t\t\t\t\t\t\t\t\t\t<td>giovedi se\u017eana<\/td>\n\t\t\t\t\t\t\t\t\t\t\t<\/tr>\n\n\t\t\t\t\t\t\t\t\t\t<tr>\n\t\t\t\t\t\t<th scope=\"row\" class=\"time\">20:00<\/th>\n\t\t\t\t\t\t<td class=\"\"><\/td>\n\t\t\t\t\t\t<td class=\"\"><\/td>\n\t\t\t\t\t\t<td class=\"schedule-title\">Bachata 2<\/td>\n\t\t\t\t\t\t<td class=\"schedule-title\">Bachata nuovo<\/td>\n\t\t\t\t\t\t<td class=\"\"><\/td>\n\t\t\t\t\t\t<td class=\"\"><\/td>\n\t\t\t\t\t\t<td class=\"\"><\/td>\n\t\t\t\t\t<\/tr>\n\t\t\t\t\t\t\t\t\t\t<tr>\n\t\t\t\t\t\t<th scope=\"row\" class=\"time\">21:00<\/th>\n\t\t\t\t\t\t<td class=\"schedule-title\">bachata 1<\/td>\n\t\t\t\t\t\t<td class=\"schedule-title\">bachata nuovo<\/td>\n\t\t\t\t\t\t<td class=\"\"><\/td>\n\t\t\t\t\t\t<td class=\"\"><\/td>\n\t\t\t\t\t\t<td class=\"\"><\/td>\n\t\t\t\t\t\t<td class=\"\"><\/td>\n\t\t\t\t\t\t<td class=\"\"><\/td>\n\t\t\t\t\t<\/tr>\n\t\t\t\t\t\t\t\t\t<\/table>\n\t\t\t<\/div>\n\n        \t\t\t\t<\/div>\n\t\t\t\t<\/div>\n\t\t\t\t\t<\/div>\n\t\t\t\t<\/div>\n\t\t<div class=\"elementor-element elementor-element-5cb48b5 e-flex e-con-boxed e-con e-parent\" data-id=\"5cb48b5\" data-element_type=\"container\" data-e-type=\"container\">\n\t\t\t\t\t<div class=\"e-con-inner\">\n\t\t\t\t<div class=\"elementor-element elementor-element-9d1a95a elementor-widget elementor-widget-danzacontactform\" data-id=\"9d1a95a\" data-element_type=\"widget\" data-e-type=\"widget\" id=\"registrazione-bachata\" data-widget_type=\"danzacontactform.default\">\n\t\t\t\t<div class=\"elementor-widget-container\">\n\t\t\t\t\t<div class=\"contact-us-form e-form\">\n<div class=\"wpcf7 no-js\" id=\"wpcf7-f12557-o1\" lang=\"it-IT\" dir=\"ltr\" data-wpcf7-id=\"12557\">\n<div class=\"screen-reader-response\"><p role=\"status\" aria-live=\"polite\" aria-atomic=\"true\"><\/p> <ul><\/ul><\/div>\n<form action=\"\/it\/wp-json\/wp\/v2\/pages\/4315#wpcf7-f12557-o1\" method=\"post\" class=\"wpcf7-form init\" aria-label=\"Modulo di contatto\" novalidate=\"novalidate\" data-status=\"init\">\n<fieldset class=\"hidden-fields-container\"><input type=\"hidden\" name=\"_wpcf7\" value=\"12557\" \/><input type=\"hidden\" name=\"_wpcf7_version\" value=\"6.1.6\" \/><input type=\"hidden\" name=\"_wpcf7_locale\" value=\"it_IT\" \/><input type=\"hidden\" name=\"_wpcf7_unit_tag\" value=\"wpcf7-f12557-o1\" \/><input type=\"hidden\" name=\"_wpcf7_container_post\" value=\"0\" \/><input type=\"hidden\" name=\"_wpcf7_posted_data_hash\" value=\"\" \/><input type=\"hidden\" name=\"_wpcf7_recaptcha_response\" value=\"\" \/>\n<\/fieldset>\n<div class=\"contact-form2\">\n    <div class=\"title-area text-center\">\n        <span class=\"sub-title\">Contattaci<\/span>\n        <h3 class=\"sec-title\">Modulo di contatto<\/h3>\n    <\/div>\n    <div class=\"row\">\n        <div class=\"form-group col-12\">\n  <span class=\"wpcf7-form-control-wrap\" data-name=\"nome1\"><input size=\"40\" maxlength=\"400\" class=\"wpcf7-form-control wpcf7-text wpcf7-validates-as-required\" id=\"nome1\" aria-required=\"true\" aria-invalid=\"false\" value=\"Il tuo nome\" type=\"text\" name=\"nome1\" \/><\/span>\n            <i class=\"fal fa-user\"><\/i>\n        <\/div>\n       <div class=\"form-group col-12\">\n            <span class=\"wpcf7-form-control-wrap\" data-name=\"tel-239\"><input size=\"40\" maxlength=\"400\" class=\"wpcf7-form-control wpcf7-tel wpcf7-text wpcf7-validates-as-tel\" aria-invalid=\"false\" value=\"Il tuo telefono\" type=\"tel\" name=\"tel-239\" \/><\/span>\n        <\/div>\n        <div class=\"form-group col-12\">\n  <span class=\"wpcf7-form-control-wrap\" data-name=\"email1\"><input size=\"40\" maxlength=\"400\" class=\"wpcf7-form-control wpcf7-email wpcf7-validates-as-required wpcf7-text wpcf7-validates-as-email form-control\" id=\"email1\" aria-required=\"true\" aria-invalid=\"false\" value=\"Indirizzo e-mail\" type=\"email\" name=\"email1\" \/><\/span>\n            <i class=\"fal fa-envelope\"><\/i>\n        <\/div>\n        <div class=\"form-group col-12\">\n<span class=\"wpcf7-form-control-wrap\" data-name=\"select-289\"><select class=\"wpcf7-form-control wpcf7-select\" aria-invalid=\"false\" name=\"select-289\"><option value=\"\">Tipo di corso<\/option><option value=\"Potere latino\">Potere latino<\/option><option value=\"Salsa cubana\">Salsa cubana<\/option><option value=\"Bachata\">Bachata<\/option><option value=\"Ruota del casin\u00f2\">Ruota del casin\u00f2<\/option><option value=\"Sono cubano.\">Sono cubano.<\/option><\/select><\/span>\n        <\/div>\n        <div class=\"form-group col-12\">\n            <span class=\"wpcf7-form-control-wrap\" data-name=\"select-61\"><select class=\"wpcf7-form-control wpcf7-select\" aria-invalid=\"false\" name=\"select-61\"><option value=\"\">Hai un partner?<\/option><option value=\"S\u00cc\">S\u00cc<\/option><option value=\"BENE\">BENE<\/option><\/select><\/span>\n       <\/div>\n        <div class=\"form-group col-12\">\n  <span class=\"wpcf7-form-control-wrap\" data-name=\"textarea-445\"><textarea cols=\"40\" rows=\"10\" maxlength=\"2000\" class=\"wpcf7-form-control wpcf7-textarea wpcf7-validates-as-required\" id=\"textarea-445\" aria-required=\"true\" aria-invalid=\"false\" name=\"textarea-445\">Il tuo messaggio<\/textarea><\/span>\n            <i class=\"fal fa-comment\"><\/i>\n        <\/div>\n        <div class=\"contact-form-btn mt-30 col-12\">\n<button class=\"th-btn btn-fw\">Inviare<\/button>\n        <\/div>\n    <\/div>\n    <p class=\"form-messages mb-0 mt-3\"><\/p>\n<\/div><div class=\"wpcf7-response-output\" aria-hidden=\"true\"><\/div>\n<\/form>\n<\/div>\n<\/div>\t\t\t\t<\/div>\n\t\t\t\t<\/div>\n\t\t\t\t\t<\/div>\n\t\t\t\t<\/div>\n\t\t<div class=\"elementor-element elementor-element-9634ddc e-flex e-con-boxed e-con e-parent\" data-id=\"9634ddc\" data-element_type=\"container\" data-e-type=\"container\">\n\t\t\t\t\t<div class=\"e-con-inner\">\n\t\t\t\t<div class=\"elementor-element elementor-element-eb8645f elementor-widget elementor-widget-text-editor\" data-id=\"eb8645f\" data-element_type=\"widget\" data-e-type=\"widget\" data-widget_type=\"text-editor.default\">\n\t\t\t\t\t\t\t\t\t<h2>Perch\u00e9 scegliere il corso di bachata di Soy Cubano?<\/h2>\t\t\t\t\t\t\t\t<\/div>\n\t\t\t\t\t<\/div>\n\t\t\t\t<\/div>\n\t\t<div class=\"elementor-element elementor-element-31d1fe7 e-flex e-con-boxed e-con e-parent\" data-id=\"31d1fe7\" data-element_type=\"container\" data-e-type=\"container\">\n\t\t\t\t\t<div class=\"e-con-inner\">\n\t\t\t\t<div class=\"elementor-element elementor-element-a54aa0a elementor-widget elementor-widget-text-editor\" data-id=\"a54aa0a\" data-element_type=\"widget\" data-e-type=\"widget\" data-widget_type=\"text-editor.default\">\n\t\t\t\t\t\t\t\t\t<p>Il corso di bachata di <strong>Soy Cubano<\/strong> \u00e8 la scelta ideale per chi vuole unire movimento, musica e socialit\u00e0 in un ambiente accogliente e rilassato. <strong>La bachata<\/strong> \u00e8 un ballo di coppia piacevole e coinvolgente, adatto sia a chi parte da zero sia a chi ha gi\u00e0 un po\u2019 di esperienza e desidera continuare a migliorare.<\/p><p>Da Soy Cubano puoi imparare senza pressione, crescere con il tuo ritmo e vivere il ballo con energia, leggerezza e divertimento. Oltre ai passi e alla tecnica, per noi contano anche la connessione nella coppia, il benessere e il piacere di condividere questa esperienza con gli altri.<\/p>\t\t\t\t\t\t\t\t<\/div>\n\t\t\t\t\t<\/div>\n\t\t\t\t<\/div>\n\t\t<div class=\"elementor-element elementor-element-63fd078 e-flex e-con-boxed e-con e-parent\" data-id=\"63fd078\" data-element_type=\"container\" data-e-type=\"container\">\n\t\t\t\t\t<div class=\"e-con-inner\">\n\t\t\t\t<div class=\"elementor-element elementor-element-d808c8e elementor-widget elementor-widget-text-editor\" data-id=\"d808c8e\" data-element_type=\"widget\" data-e-type=\"widget\" data-widget_type=\"text-editor.default\">\n\t\t\t\t\t\t\t\t\t<h2>Cosa impari durante il corso di bachata?<\/h2>\t\t\t\t\t\t\t\t<\/div>\n\t\t\t\t<div class=\"elementor-element elementor-element-bb5022e elementor-widget elementor-widget-text-editor\" data-id=\"bb5022e\" data-element_type=\"widget\" data-e-type=\"widget\" data-widget_type=\"text-editor.default\">\n\t\t\t\t\t\t\t\t\t<p>Durante il <strong>corso di bachata<\/strong> impari prima di tutto il ritmo, i passi base e il movimento del corpo che rende questo ballo cos\u00ec riconoscibile e piacevole. Con il tempo impari anche la guida e la connessione nella coppia, semplici cambi di direzione, giri e una migliore sensibilit\u00e0 musicale.<\/p><p>L\u2019obiettivo non \u00e8 solo imparare delle figure, ma sentirti sempre pi\u00f9 sicuro, naturale e a tuo agio in pista. Il corso ti aiuta a costruire una base solida su cui crescere passo dopo passo.<\/p>\t\t\t\t\t\t\t\t<\/div>\n\t\t\t\t\t<\/div>\n\t\t\t\t<\/div>\n\t\t<div class=\"elementor-element elementor-element-da44e7a e-flex e-con-boxed e-con e-parent\" data-id=\"da44e7a\" data-element_type=\"container\" data-e-type=\"container\">\n\t\t\t\t\t<div class=\"e-con-inner\">\n\t\t\t\t<div class=\"elementor-element elementor-element-4c34459 elementor-widget elementor-widget-text-editor\" data-id=\"4c34459\" data-element_type=\"widget\" data-e-type=\"widget\" data-widget_type=\"text-editor.default\">\n\t\t\t\t\t\t\t\t\t<h2>Cos&#8217;\u00e8 la bachata?<\/h2>\t\t\t\t\t\t\t\t<\/div>\n\t\t\t\t<div class=\"elementor-element elementor-element-477e147 elementor-widget elementor-widget-text-editor\" data-id=\"477e147\" data-element_type=\"widget\" data-e-type=\"widget\" data-widget_type=\"text-editor.default\">\n\t\t\t\t\t\t\t\t\t<p>La bachata \u00e8 un ballo di coppia sensuale e popolare, originario della Repubblica Dominicana e ora diffuso in tutto il mondo. Nota per il suo ritmo piacevole, per la connessione nel ballo di coppia e per i movimenti rilassati, \u00e8 un&#8217;ottima scelta sia per i principianti che per i ballerini esperti.<\/p><p>In un corso di bachata presso Soy Cubano, imparerai le basi di questo ballo, migliorerai il tuo senso del ritmo e godrai di un&#8217;atmosfera piacevole dove apprendimento e divertimento si fondono naturalmente.<\/p>\t\t\t\t\t\t\t\t<\/div>\n\t\t\t\t\t<\/div>\n\t\t\t\t<\/div>\n\t\t<div class=\"elementor-element elementor-element-c724465 e-flex e-con-boxed e-con e-parent\" data-id=\"c724465\" data-element_type=\"container\" data-e-type=\"container\">\n\t\t\t\t\t<div class=\"e-con-inner\">\n\t\t\t\t<div class=\"elementor-element elementor-element-5396c2d elementor-widget elementor-widget-image\" data-id=\"5396c2d\" data-element_type=\"widget\" data-e-type=\"widget\" data-widget_type=\"image.default\">\n\t\t\t\t\t\t\t\t\t\t\t\t\t\t\t<img fetchpriority=\"high\" decoding=\"async\" width=\"751\" height=\"474\" src=\"https:\/\/soycubano.si\/wp-content\/uploads\/2024\/06\/ples-bachata-soy-cubano-1024x646.jpg\" class=\"attachment-large size-large wp-image-7303\" alt=\"Par ple\u0161e te\u010daj bachate v plesnem klubu Soy Cubano v Kopru\" srcset=\"https:\/\/soycubano.si\/wp-content\/uploads\/2024\/06\/ples-bachata-soy-cubano-1024x646.jpg 1024w, https:\/\/soycubano.si\/wp-content\/uploads\/2024\/06\/ples-bachata-soy-cubano-300x189.jpg 300w, https:\/\/soycubano.si\/wp-content\/uploads\/2024\/06\/ples-bachata-soy-cubano-768x484.jpg 768w, https:\/\/soycubano.si\/wp-content\/uploads\/2024\/06\/ples-bachata-soy-cubano-600x378.jpg 600w, https:\/\/soycubano.si\/wp-content\/uploads\/2024\/06\/ples-bachata-soy-cubano.jpg 1300w\" sizes=\"(max-width: 751px) 100vw, 751px\" \/>\t\t\t\t\t\t\t\t\t\t\t\t\t\t\t<\/div>\n\t\t\t\t\t<\/div>\n\t\t\t\t<\/div>\n\t\t<div class=\"elementor-element elementor-element-536c3c2 e-flex e-con-boxed e-con e-parent\" data-id=\"536c3c2\" data-element_type=\"container\" data-e-type=\"container\">\n\t\t\t\t\t<div class=\"e-con-inner\">\n\t\t\t\t<div class=\"elementor-element elementor-element-c3af06b elementor-widget elementor-widget-text-editor\" data-id=\"c3af06b\" data-element_type=\"widget\" data-e-type=\"widget\" data-widget_type=\"text-editor.default\">\n\t\t\t\t\t\t\t\t\t<h2>Come iniziare con Soy Cubano<\/h2>\t\t\t\t\t\t\t\t<\/div>\n\t\t\t\t<div class=\"elementor-element elementor-element-f1f441d elementor-widget elementor-widget-text-editor\" data-id=\"f1f441d\" data-element_type=\"widget\" data-e-type=\"widget\" data-widget_type=\"text-editor.default\">\n\t\t\t\t\t\t\t\t\t<p>Se vuoi iniziare a <strong>ballare la bachata<\/strong>, puoi iscriverti tramite il modulo di iscrizione oppure contattarci per ricevere aiuto nella scelta del gruppo pi\u00f9 adatto a te. Ti aiutiamo volentieri a trovare la soluzione migliore in base al tuo livello, alla tua zona e ai tuoi obiettivi.<\/p><ul><li>Compila il modulo di iscrizione<\/li><li>Controlla gli orari disponibili<\/li><li>Contattaci per maggiori informazioni<\/li><\/ul><p>Da Soy Cubano crediamo che il ballo sia molto pi\u00f9 di un semplice movimento. \u00c8 energia, benessere, incontro e divertimento. Unisciti a noi e scopri la bachata in un ambiente accogliente, autentico e pieno di passione.<\/p>\t\t\t\t\t\t\t\t<\/div>\n\t\t\t\t\t<\/div>\n\t\t\t\t<\/div>\n\t\t<div class=\"elementor-element elementor-element-4f21668 e-flex e-con-boxed e-con e-parent\" data-id=\"4f21668\" data-element_type=\"container\" data-e-type=\"container\">\n\t\t\t\t\t<div class=\"e-con-inner\">\n\t\t\t\t<div class=\"elementor-element elementor-element-672a4ba elementor-widget elementor-widget-text-editor\" data-id=\"672a4ba\" data-element_type=\"widget\" data-e-type=\"widget\" data-widget_type=\"text-editor.default\">\n\t\t\t\t\t\t\t\t\t<p>Unisciti al corso di bachata di Soy Cubano e riserva il tuo posto nel gruppo pi\u00f9 adatto a te. Se hai dubbi sul livello o sul giorno migliore, contattaci e ti aiuteremo volentieri.<\/p>\t\t\t\t\t\t\t\t<\/div>\n\t\t\t\t\t<\/div>\n\t\t\t\t<\/div>\n\t\t<div class=\"elementor-element elementor-element-7770a52 e-flex e-con-boxed e-con e-parent\" data-id=\"7770a52\" data-element_type=\"container\" data-e-type=\"container\">\n\t\t\t\t\t<div class=\"e-con-inner\">\n\t\t\t\t<div class=\"elementor-element elementor-element-c5f10b6 elementor-widget elementor-widget-danzacta\" data-id=\"c5f10b6\" data-element_type=\"widget\" data-e-type=\"widget\" data-widget_type=\"danzacta.default\">\n\t\t\t\t<div class=\"elementor-widget-container\">\n\t\t\t\t\t\r\n                    <div class=\"video-area-two top-bg-center \" data-bg-src=\"https:\/\/soycubano.si\/wp-content\/uploads\/2025\/08\/service_1_1.jpg\">\r\n                <div class=\"video-wrapper\">\r\n                    <div class=\"video-box1\" data-bg-src=\"\">\r\n                        <img decoding=\"async\" src=\"\" alt=\"video\">\r\n                        <a href=\"https:\/\/youtu.be\/-CRQja2Eptk\" class=\"video-play-btn popup-video\">\r\n                            <i class=\"fa-light fa-play\"><\/i><\/a>\r\n                    <\/div>\r\n                    <div class=\"video-text\">\r\n                        <div class=\"title-area mb-0 text-center\">\r\n                            <span class=\"sub-title e-subtitle sub-title2 line-border\">Corso di bachata<\/span>\r\n                            <h2 class=\"sec-title e-title text-white\">Pronto a iniziare?\n<\/h2>\r\n                            <p class=\"sec-desc e-text text-white\">Unisciti al corso di bachata di Soy Cubano, controlla gli orari disponibili e riserva il tuo posto nel gruppo pi\u00f9 adatto a te. Se hai dubbi sul livello o sul giorno migliore, contattaci e ti aiuteremo volentieri.<\/p>\r\n                            <div class=\"video-group style2 text-center\">\r\n                                <a href=\"#registrazione-bachata\" class=\"th-btn btn1 gold-btn-2\">Iscriviti ora<\/a>\r\n                                <a href=\"https:\/\/soycubano.si\/it\/contatto\/\" class=\"th-btn btn2 white-btn\">Contattaci<\/a>\r\n                            <\/div>\r\n                        <\/div>\r\n                    <\/div>\r\n                <\/div>\r\n            <\/div>\r\n\t\t\t\r\n    \t\t\t\t\t<\/div>\n\t\t\t\t<\/div>\n\t\t\t\t\t<\/div>\n\t\t\t\t<\/div>\n\t\t\t\t<\/div>\n\t\t","protected":false},"excerpt":{"rendered":"<p>Corso di Bachata per principianti e intermedi tra Trieste e Capodistria Il corso di bachata di Soy Cubano \u00e8 la scelta ideale per chi vuole iniziare a ballare o migliorare nel ballo di coppia in un ambiente accogliente, dinamico e pieno di energia. Se vivi a Trieste, Opicina o nei dintorni, puoi raggiungere facilmente le&#8230;<\/p>\n","protected":false},"author":1,"featured_media":4613,"parent":4268,"menu_order":0,"comment_status":"closed","ping_status":"closed","template":"","meta":{"footnotes":""},"class_list":["post-4315","page","type-page","status-publish","has-post-thumbnail","hentry","page--item"],"_links":{"self":[{"href":"https:\/\/soycubano.si\/it\/wp-json\/wp\/v2\/pages\/4315","targetHints":{"allow":["GET"]}}],"collection":[{"href":"https:\/\/soycubano.si\/it\/wp-json\/wp\/v2\/pages"}],"about":[{"href":"https:\/\/soycubano.si\/it\/wp-json\/wp\/v2\/types\/page"}],"author":[{"embeddable":true,"href":"https:\/\/soycubano.si\/it\/wp-json\/wp\/v2\/users\/1"}],"replies":[{"embeddable":true,"href":"https:\/\/soycubano.si\/it\/wp-json\/wp\/v2\/comments?post=4315"}],"version-history":[{"count":0,"href":"https:\/\/soycubano.si\/it\/wp-json\/wp\/v2\/pages\/4315\/revisions"}],"up":[{"embeddable":true,"href":"https:\/\/soycubano.si\/it\/wp-json\/wp\/v2\/pages\/4268"}],"wp:featuredmedia":[{"embeddable":true,"href":"https:\/\/soycubano.si\/it\/wp-json\/wp\/v2\/media\/4613"}],"wp:attachment":[{"href":"https:\/\/soycubano.si\/it\/wp-json\/wp\/v2\/media?parent=4315"}],"curies":[{"name":"wp","href":"https:\/\/api.w.org\/{rel}","templated":true}]}}